{"id":21,"date":"2019-09-05T14:16:58","date_gmt":"2019-09-05T11:16:58","guid":{"rendered":"http:\/\/www.piory.fi\/?page_id=21"},"modified":"2022-04-14T23:58:59","modified_gmt":"2022-04-14T21:58:59","slug":"saannot","status":"publish","type":"page","link":"https:\/\/www.piory.fi\/index.php\/saannot\/","title":{"rendered":"S\u00e4\u00e4nn\u00f6t"},"content":{"rendered":"\n<p><strong>Porin Insin\u00f6\u00f6riopiskelijat PIO ry:n s\u00e4\u00e4nn\u00f6t<\/strong><\/p>\n\n\n\n<div class=\"wp-block-buttons is-layout-flex wp-block-buttons-is-layout-flex\"><\/div>\n\n\n\n<p class=\"has-pale-pink-background-color has-background\"><strong>1\u00a7 Yhdistyksen nimi ja kotipaikka<\/strong><\/p>\n\n\n\n<p><br> Yhdistyksen nimi on&nbsp;<em>Porin Insin\u00f6\u00f6riopiskelijat PIO ry<\/em>, jota kutsutaan n\u00e4iss\u00e4 s\u00e4\u00e4nn\u00f6iss\u00e4 yhdistykseksi.<br><br> Yhdistyksen kotipaikka on&nbsp;<em>Pori<\/em>.<\/p>\n\n\n\n<p><\/p>\n\n\n\n<p class=\"has-pale-pink-background-color has-background\"><strong>2\u00a7 Yhdistyksen tarkoitus<\/strong><\/p>\n\n\n\n<p><\/p>\n\n\n\n<p>Yhdistyksen tarkoituksena on:<br> \u25cf j\u00e4senist\u00f6ns\u00e4 henkisten, ammatillisten, yhteiskunnallisten sek\u00e4 muiden vastaavien yhteisten etujen ajaminen<br> \u25cf j\u00e4senist\u00f6n edunvalvonta sek\u00e4 koulutuspoliittisen toiminnan edist\u00e4minen<br> \u25cf toimia tiedonv\u00e4litt\u00e4j\u00e4n\u00e4 Insin\u00f6\u00f6riopiskelijaliitto IOL ry:n (jatkossa IOL ry) ja yhdistyksen j\u00e4senien v\u00e4lill\u00e4<\/p>\n\n\n\n<p><\/p>\n\n\n\n<p class=\"has-pale-pink-background-color has-background\"><strong>3\u00a7 Tarkoituksen toteuttaminen<\/strong><\/p>\n\n\n\n<p><\/p>\n\n\n\n<p>Yhdistys toimii Insin\u00f6\u00f6riliitto IL ry:n (jatkossa IL ry) alaisen IOL ry:n paikallisyhdistyksen\u00e4 sek\u00e4 yhteisty\u00f6ss\u00e4 sidosryhmien kanssa.<\/p>\n\n\n\n<p>Tarkoituksensa toteuttamiseksi yhdistys:<\/p>\n\n\n\n<p>\u25cf harjoittaa koulutus\u00ad- ja julkaisutoimintaa.<br> \u25cf j\u00e4rjest\u00e4\u00e4 kursseja ja neuvontatilaisuuksia.<br> \u25cf j\u00e4rjest\u00e4\u00e4 j\u00e4seni\u00e4 yhdist\u00e4vi\u00e4 tilaisuuksia.<br> \u25cf toimii j\u00e4sentens\u00e4 etujen ajamiseksi.<br> \u25cf pit\u00e4\u00e4 yll\u00e4 ja kehitt\u00e4\u00e4 insin\u00f6\u00f6riopiskelijakulttuuria.<\/p>\n\n\n\n<p><\/p>\n\n\n\n<p class=\"has-pale-pink-background-color has-background\"><strong>4\u00a7 Toiminnan tukeminen<\/strong><\/p>\n\n\n\n<p><\/p>\n\n\n\n<p>Toimintansa tukemiseksi yhdistys on oikeutettu<\/p>\n\n\n\n<p>\u25cf perustamaan rahastoja.<br> \u25cf ottamaan vastaan avustuksia, lahjoituksia ja testamentteja.<br> \u25cf asianomaisen luvalla j\u00e4rjest\u00e4m\u00e4\u00e4n ker\u00e4yksi\u00e4, arpajaisia sek\u00e4 juhla-\u00ad ja huvitilaisuuksia.<br> \u25cf harjoittamaan kustannus\u00ad ja julkaisutoimintaa.<br> \u25cf omistamaan toimintaansa varten tarpeellisia tavaroita, kiinteist\u00f6j\u00e4 ja arvopapereita.<br> \u25cf harjoittamaan liiketoimintaa.<\/p>\n\n\n\n<p><\/p>\n\n\n\n<p class=\"has-pale-pink-background-color has-background\"><strong>5\u00a7 J\u00e4senet<\/strong><\/p>\n\n\n\n<p><\/p>\n\n\n\n<p>Yhdistyksen varsinaisiksi j\u00e4seniksi voivat kuulua Satakunnan ammattikorkeakoulussa Porin kampuksella insin\u00f6\u00f6ritutkintoa opiskelevat, jotka hyv\u00e4ksyv\u00e4t yhdistyksen tarkoituksen ja toimintaperiaatteet sek\u00e4 sitoutuvat noudattamaan sen s\u00e4\u00e4nt\u00f6j\u00e4 sek\u00e4 p\u00e4\u00e4tt\u00e4vien elinten p\u00e4\u00e4t\u00f6ksi\u00e4 ja jotka yhdistyksen hallitus j\u00e4senikseen hyv\u00e4ksyy.<\/p>\n\n\n\n<p>Kunnia- ja kannattajaj\u00e4senet<\/p>\n\n\n\n<p>Yhdistykseen voi kuulua my\u00f6s kunnia\u00ad ja kannattajaj\u00e4seni\u00e4. Kunniaj\u00e4seniksi tai kunniapuheenjohtajiksi voidaan kutsua hallituksen esityksest\u00e4 yhdistyksen kokouksen p\u00e4\u00e4t\u00f6ksell\u00e4 henkil\u00f6it\u00e4, jotka ovat ansiokkaalla tavalla edist\u00e4neet yhdistyksen tarkoitusperi\u00e4. Kunniaj\u00e4senilt\u00e4 ei perit\u00e4 j\u00e4senmaksua.<\/p>\n\n\n\n<p>Kannattajaj\u00e4seniksi voivat liitty\u00e4 yksityiset kansalaiset ja oikeuskelpoiset yhteis\u00f6t, jotka hallitus kannattajaj\u00e4seniksi hyv\u00e4ksyy ja jotka maksavat yhdistyksen m\u00e4\u00e4r\u00e4\u00e4m\u00e4n kannattajaj\u00e4senmaksun. Kannattajaj\u00e4senmaksu on voimassa kalenterivuoden.<\/p>\n\n\n\n<p><\/p>\n\n\n\n<p class=\"has-pale-pink-background-color has-background\"><strong>6\u00a7 J\u00e4senvelvollisuudet ja \u00adoikeudet<\/strong><\/p>\n\n\n\n<p><\/p>\n\n\n\n<p>Kunkin j\u00e4senen tulee<\/p>\n\n\n\n<p>\u25cf noudattaa yhdistyksen s\u00e4\u00e4nt\u00f6j\u00e4 ja p\u00e4\u00e4tt\u00e4vien elinten p\u00e4\u00e4t\u00f6ksi\u00e4.<br> \u25cf suorittaa kunnia-\u00ad ja kannattajaj\u00e4seni\u00e4 sek\u00e4 kunniapuheenjohtajia lukuun ottamatta IOL ry:n liittokokouksen m\u00e4\u00e4r\u00e4\u00e4m\u00e4 j\u00e4senmaksu.<br> \u25cf kannattajaj\u00e4senen tulee suorittaa yhdistyksen kokouksen m\u00e4\u00e4r\u00e4\u00e4m\u00e4 kannattajaj\u00e4senmaksu.<\/p>\n\n\n\n<p>Varsinaisella j\u00e4senell\u00e4 on l\u00e4sn\u00e4olo-\u00ad, puhe\u00ad- ja \u00e4\u00e4nioikeus yhdistyksen kokouksissa.<br><br> Kunnia-\u00ad ja kannattajaj\u00e4senill\u00e4 sek\u00e4 kunniapuheenjohtajilla on l\u00e4sn\u00e4olo-\u00ad ja puheoikeus, mutta ei \u00e4\u00e4nioikeutta yhdistyksen kokouksissa.<\/p>\n\n\n\n<p><\/p>\n\n\n\n<p class=\"has-pale-pink-background-color has-background\"><strong>7\u00a7J\u00e4senen eroaminen yhdistyksest\u00e4<\/strong><\/p>\n\n\n\n<p><\/p>\n\n\n\n<p>J\u00e4sen voi koska hyv\u00e4ns\u00e4 erota yhdistyksen j\u00e4senyydest\u00e4 ilmoittamalla siit\u00e4 kirjallisesti yhdistyksen hallitukselle, puheenjohtajalle tai yhdistyksen kokouksessa. Ilmoitus voidaan j\u00e4tt\u00e4\u00e4 liiton toimistolle hallitukselle toimitettavaksi. J\u00e4sen on vapaa yhdistyksen j\u00e4senyydest\u00e4 kuuden (6) kuukauden kuluttua eroamisilmoituksesta.<\/p>\n\n\n\n<p><\/p>\n\n\n\n<p class=\"has-pale-pink-background-color has-background\"><strong>8\u00a7 J\u00e4senen erottaminen<\/strong><\/p>\n\n\n\n<p><\/p>\n\n\n\n<p>Yhdistyksen kokous voi hallituksen esityksest\u00e4 erottaa j\u00e4senen, joka toimii vastoin yhdistyksen tarkoitusperi\u00e4 tai j\u00e4tt\u00e4\u00e4 muut velvollisuudet t\u00e4ytt\u00e4m\u00e4tt\u00e4.<\/p>\n\n\n\n<p><\/p>\n\n\n\n<p class=\"has-pale-pink-background-color has-background\"><strong>9\u00a7 Yhdistyksen kokous<\/strong><\/p>\n\n\n\n<p><\/p>\n\n\n\n<p>Yhdistyksen kev\u00e4tkokous pidet\u00e4\u00e4n joka vuosi huhtikuun loppuun menness\u00e4.<\/p>\n\n\n\n<p>Kev\u00e4tkokouksessa on k\u00e4sitelt\u00e4v\u00e4 ainakin seuraavat asiat:<\/p>\n\n\n\n<p>\u25cf valitaan kokoukselle puheenjohtaja, sihteeri ja v\u00e4hint\u00e4\u00e4n 2 p\u00f6yt\u00e4kirjantarkastajaa ja \u00e4\u00e4ntenlaskijaa<br> \u25cf esitet\u00e4\u00e4n yhdistyksen toimintakertomus ja tilinp\u00e4\u00e4t\u00f6s ja toiminnantarkastus- tai tilitarkastuskertomus edelliselt\u00e4 kalenterivuodelta<br> \u25cf vahvistetaan tilinp\u00e4\u00e4t\u00f6s<br> \u25cf p\u00e4\u00e4tet\u00e4\u00e4n tili- ja vastuuvapauden my\u00f6nt\u00e4misest\u00e4<\/p>\n\n\n\n<p>Yhdistyksen syyskokous on pidett\u00e4v\u00e4 marraskuun loppuun menness\u00e4. Syyskokouksessa on k\u00e4sitelt\u00e4v\u00e4 ainakin seuraavat asiat:<\/p>\n\n\n\n<p>\u25cf valitaan kokoukselle puheenjohtaja, sihteeri ja v\u00e4hint\u00e4\u00e4n 2 p\u00f6yt\u00e4kirjantarkastajaa ja \u00e4\u00e4ntenlaskijaa<br> \u25cf valitaan hallituksen puheenjohtaja, varapuheenjohtaja ja rahastonhoitaja<br> \u25cf valitaan muut hallituksen j\u00e4senet sek\u00e4 varaj\u00e4senet<br> \u25cf valitaan toiminnantarkastaja ja varatoiminnantarkastaja<br> \u25cf vahvistetaan yhdistyksen toimintasuunnitelma ja talousarvio<br> \u25cf p\u00e4\u00e4tet\u00e4\u00e4n yhdistyksen j\u00e4senmaksu ja kannattajaj\u00e4senmaksu<\/p>\n\n\n\n<p>Yhdistyksen kokous kutsutaan koolle ilmoittamalla siit\u00e4 Satakunnan Ammattikorkeakoulu SAMK- Kampus Pori ilmoitustaululla sek\u00e4 Porin Insin\u00f6\u00f6riopiskelijat PIO ry:n verkkosivuilla v\u00e4hint\u00e4\u00e4n kaksi (2) viikkoa ennen yhdistyksen kokousta.<br><br> Ylim\u00e4\u00e4r\u00e4inen yhdistyksen kokous on kutsuttava koolle, kun yhdistyksen kokous niin p\u00e4\u00e4tt\u00e4\u00e4 tai hallitus katsoo sen tarpeelliseksi, tai jos yksi kymmenesosa (1\/10) \u00e4\u00e4nioikeutetuista j\u00e4senist\u00e4 sit\u00e4 kirjallisesti vaatii tietyn asian k\u00e4sittely\u00e4 varten.<\/p>\n\n\n\n<p>Yhdistyksen kokoukseen osallistuminen et\u00e4yhteydell\u00e4 m\u00e4\u00e4ritell\u00e4\u00e4n tapauskohtaisesti ja siit\u00e4 tulee mainita kokouskutsussa.<\/p>\n\n\n\n<p><\/p>\n\n\n\n<p class=\"has-pale-pink-background-color has-background\"><strong>10\u00a7 Yhdistyksen hallitus<\/strong><\/p>\n\n\n\n<p><\/p>\n\n\n\n<p>Yhdistyksen hallituksen muodostavat puheenjohtaja, varapuheenjohtaja, rahastonhoitaja, sihteeri, 1-5 varsinaista j\u00e4sent\u00e4 ja 0-2 varaj\u00e4sent\u00e4.<br><br> Hallitus toimeenpanee yhdistyksen kokouksen p\u00e4\u00e4t\u00f6kset, hoitaa yhdistyksen asioita sek\u00e4 kantaa ja vastaa yhdistyksen puolesta.<\/p>\n\n\n\n<p>Hallitus valitsee yhdistyksen toimihenkil\u00f6t.<br><br> Hallitus huolehtii yhdistyksen tilit tarkastettavaksi helmikuun loppuun menness\u00e4. Yhdistyksen tilikausi on kalenterivuosi. Toiminnantarkastajan on annettava tarkastuskertomuksensa maaliskuun 15. p\u00e4iv\u00e4\u00e4n menness\u00e4.&nbsp;<\/p>\n\n\n\n<p>Hallitus saa asettaa avukseen toimikuntia, joiden teht\u00e4v\u00e4t ja kokoonpanon se m\u00e4\u00e4r\u00e4\u00e4.<br><br> Hallitus on p\u00e4\u00e4t\u00f6svaltainen, kun puheenjohtaja tai h\u00e4nen estyneen\u00e4 ollessaan varapuheenjohtaja ja v\u00e4hint\u00e4\u00e4n puolet hallituksen j\u00e4senist\u00e4. Hallituksen varaj\u00e4senell\u00e4 on aina puhe- ja l\u00e4sn\u00e4olo-oikeus, \u00e4\u00e4nioikeuden varaj\u00e4sen saa varsinaisen hallituksen j\u00e4senen ollessa estyneen\u00e4. Varsinaisen hallituksen j\u00e4senen ollessa estyneen\u00e4 varaj\u00e4senille my\u00f6nnet\u00e4\u00e4n \u00e4\u00e4nioikeus saapumisj\u00e4rjestyksess\u00e4.<\/p>\n\n\n\n<p>Yhdistyksen nimen kirjoittavat puheenjohtaja, varapuheenjohtaja, rahastonhoitaja ja hallituksen m\u00e4\u00e4r\u00e4\u00e4m\u00e4 henkil\u00f6, kaksi (2) aina yhdess\u00e4.<\/p>\n\n\n\n<p>Hallituksen toimikausi on kalenterivuosi.<\/p>\n\n\n\n<p><\/p>\n\n\n\n<p class=\"has-pale-pink-background-color has-background\"><strong>11\u00a7 IL ry:n ja IOL ry:n oikeudet<\/strong><\/p>\n\n\n\n<p><\/p>\n\n\n\n<p>IOL ry:lle annetaan toiminnantarkastusoikeudet.<br><br> IL ry:n ty\u00f6ntekij\u00f6ill\u00e4 on l\u00e4sn\u00e4olo- ja puheoikeus kaikissa hallituksen tilaisuuksissa, mutta ei \u00e4\u00e4nioikeutta.<\/p>\n\n\n\n<p>IOL ry:n hallituksen j\u00e4senill\u00e4 on l\u00e4sn\u00e4olo- ja puheoikeus kaikissa yhdistyksen tilaisuuksissa, mutta ei \u00e4\u00e4nioikeutta.<\/p>\n\n\n\n<p>IOL ry:lle l\u00e4hetet\u00e4\u00e4n tiedoksi yhdistyksen kokousten p\u00f6yt\u00e4kirjat.<\/p>\n\n\n\n<p><\/p>\n\n\n\n<p class=\"has-pale-pink-background-color has-background\"><strong>12\u00a7 S\u00e4\u00e4nt\u00f6jen muuttaminen<\/strong><\/p>\n\n\n\n<p><\/p>\n\n\n\n<p>S\u00e4\u00e4nt\u00f6jen muuttaminen on hyv\u00e4ksytt\u00e4v\u00e4 kahdessa (2) per\u00e4kk\u00e4isess\u00e4 yhdistyksen kokouksessa kahden kolmasosan (2\/3) enemmist\u00f6ll\u00e4. Yhdistyksen kokousten v\u00e4li tulee olla v\u00e4hint\u00e4\u00e4n 30 p\u00e4iv\u00e4\u00e4 ja vain toinen kokous saa olla yhdistyksen ylim\u00e4\u00e4r\u00e4inen kokous.<\/p>\n\n\n\n<p>S\u00e4\u00e4nt\u00f6muutos on alistettava aina IOL ry:n hallituksen vahvistettavaksi.<\/p>\n\n\n\n<p><\/p>\n\n\n\n<p class=\"has-pale-pink-background-color has-background\"><strong>13\u00a7 Yhdistyksen purkaminen<\/strong><\/p>\n\n\n\n<p><\/p>\n\n\n\n<p>Yhdistyksen kokouksen on viiden kuudesosan (5\/6) enemmist\u00f6ll\u00e4 p\u00e4\u00e4tett\u00e4v\u00e4 yhdistyksen purkamisesta kahdessa (2) per\u00e4kk\u00e4isess\u00e4 kokouksessa. Kokousten v\u00e4li tulee olla v\u00e4hint\u00e4\u00e4n 30 p\u00e4iv\u00e4\u00e4 ja vain toinen kokous saa olla yhdistyksen ylim\u00e4\u00e4r\u00e4inen kokous.<\/p>\n\n\n\n<p>Yhdistyksen purkamisp\u00e4\u00e4t\u00f6s on alistettava aina IOL ry:n hallituksen vahvistettavaksi.<\/p>\n\n\n\n<p>Puretun yhdistyksen varat on luovutettava IOL ry:lle k\u00e4ytett\u00e4v\u00e4ksi yhdistyksen tarkoitusperi\u00e4 edist\u00e4v\u00e4ll\u00e4 tavalla.<\/p>\n\n\n\n<p><em>S\u00e4\u00e4nn\u00f6t hyv\u00e4ksytty ensimm\u00e4isen kerran Porissa 23.01.2019 yhdistyksen ylim\u00e4\u00e4r\u00e4isess\u00e4 kokouksessa.<\/em><\/p>\n\n\n\n<p><em>S\u00e4\u00e4nn\u00f6t hyv\u00e4ksytty toisen kerran Porissa 08.04.2019 yhdistyksen kev\u00e4tkokouksessa.<\/em><\/p>\n\n\n\n<ul class=\"wp-block-social-links is-style-logos-only is-layout-flex wp-block-social-links-is-layout-flex\"><li class=\"wp-social-link wp-social-link-facebook  wp-block-social-link\"><a rel=\"noopener nofollow\" target=\"_blank\" href=\"https:\/\/www.facebook.com\/PIOry\/\" class=\"wp-block-social-link-anchor\"><svg width=\"24\" height=\"24\" viewBox=\"0 0 24 24\" version=\"1.1\" xmlns=\"http:\/\/www.w3.org\/2000\/svg\" aria-hidden=\"true\" focusable=\"false\"><path d=\"M12 2C6.5 2 2 6.5 2 12c0 5 3.7 9.1 8.4 9.9v-7H7.9V12h2.5V9.8c0-2.5 1.5-3.9 3.8-3.9 1.1 0 2.2.2 2.2.2v2.5h-1.3c-1.2 0-1.6.8-1.6 1.6V12h2.8l-.4 2.9h-2.3v7C18.3 21.1 22 17 22 12c0-5.5-4.5-10-10-10z\"><\/path><\/svg><span class=\"wp-block-social-link-label screen-reader-text\">Facebook<\/span><\/a><\/li>\n\n<li class=\"wp-social-link wp-social-link-instagram  wp-block-social-link\"><a rel=\"noopener nofollow\" target=\"_blank\" href=\"https:\/\/www.instagram.com\/pio_ry\/?hl=fi\" class=\"wp-block-social-link-anchor\"><svg width=\"24\" height=\"24\" viewBox=\"0 0 24 24\" version=\"1.1\" xmlns=\"http:\/\/www.w3.org\/2000\/svg\" aria-hidden=\"true\" focusable=\"false\"><path d=\"M12,4.622c2.403,0,2.688,0.009,3.637,0.052c0.877,0.04,1.354,0.187,1.671,0.31c0.42,0.163,0.72,0.358,1.035,0.673 c0.315,0.315,0.51,0.615,0.673,1.035c0.123,0.317,0.27,0.794,0.31,1.671c0.043,0.949,0.052,1.234,0.052,3.637 s-0.009,2.688-0.052,3.637c-0.04,0.877-0.187,1.354-0.31,1.671c-0.163,0.42-0.358,0.72-0.673,1.035 c-0.315,0.315-0.615,0.51-1.035,0.673c-0.317,0.123-0.794,0.27-1.671,0.31c-0.949,0.043-1.233,0.052-3.637,0.052 s-2.688-0.009-3.637-0.052c-0.877-0.04-1.354-0.187-1.671-0.31c-0.42-0.163-0.72-0.358-1.035-0.673 c-0.315-0.315-0.51-0.615-0.673-1.035c-0.123-0.317-0.27-0.794-0.31-1.671C4.631,14.688,4.622,14.403,4.622,12 s0.009-2.688,0.052-3.637c0.04-0.877,0.187-1.354,0.31-1.671c0.163-0.42,0.358-0.72,0.673-1.035 c0.315-0.315,0.615-0.51,1.035-0.673c0.317-0.123,0.794-0.27,1.671-0.31C9.312,4.631,9.597,4.622,12,4.622 M12,3 C9.556,3,9.249,3.01,8.289,3.054C7.331,3.098,6.677,3.25,6.105,3.472C5.513,3.702,5.011,4.01,4.511,4.511 c-0.5,0.5-0.808,1.002-1.038,1.594C3.25,6.677,3.098,7.331,3.054,8.289C3.01,9.249,3,9.556,3,12c0,2.444,0.01,2.751,0.054,3.711 c0.044,0.958,0.196,1.612,0.418,2.185c0.23,0.592,0.538,1.094,1.038,1.594c0.5,0.5,1.002,0.808,1.594,1.038 c0.572,0.222,1.227,0.375,2.185,0.418C9.249,20.99,9.556,21,12,21s2.751-0.01,3.711-0.054c0.958-0.044,1.612-0.196,2.185-0.418 c0.592-0.23,1.094-0.538,1.594-1.038c0.5-0.5,0.808-1.002,1.038-1.594c0.222-0.572,0.375-1.227,0.418-2.185 C20.99,14.751,21,14.444,21,12s-0.01-2.751-0.054-3.711c-0.044-0.958-0.196-1.612-0.418-2.185c-0.23-0.592-0.538-1.094-1.038-1.594 c-0.5-0.5-1.002-0.808-1.594-1.038c-0.572-0.222-1.227-0.375-2.185-0.418C14.751,3.01,14.444,3,12,3L12,3z M12,7.378 c-2.552,0-4.622,2.069-4.622,4.622S9.448,16.622,12,16.622s4.622-2.069,4.622-4.622S14.552,7.378,12,7.378z M12,15 c-1.657,0-3-1.343-3-3s1.343-3,3-3s3,1.343,3,3S13.657,15,12,15z M16.804,6.116c-0.596,0-1.08,0.484-1.08,1.08 s0.484,1.08,1.08,1.08c0.596,0,1.08-0.484,1.08-1.08S17.401,6.116,16.804,6.116z\"><\/path><\/svg><span class=\"wp-block-social-link-label screen-reader-text\">Instagram<\/span><\/a><\/li><\/ul>\n","protected":false},"excerpt":{"rendered":"<p>Porin Insin\u00f6\u00f6riopiskelijat PIO ry:n s\u00e4\u00e4nn\u00f6t 1\u00a7 Yhdistyksen nimi ja kotipaikka Yhdistyksen nimi on&nbsp;Porin Insin\u00f6\u00f6riopiskelijat PIO ry, jota kutsutaan n\u00e4iss\u00e4 s\u00e4\u00e4nn\u00f6iss\u00e4 yhdistykseksi. Yhdistyksen kotipaikka on&nbsp;Pori. 2\u00a7 Yhdistyksen tarkoitus Yhdistyksen tarkoituksena on: \u25cf j\u00e4senist\u00f6ns\u00e4 henkisten, ammatillisten, yhteiskunnallisten sek\u00e4 muiden vastaavien yhteisten etujen ajaminen \u25cf j\u00e4senist\u00f6n edunvalvonta sek\u00e4 koulutuspoliittisen toiminnan edist\u00e4minen \u25cf toimia tiedonv\u00e4litt\u00e4j\u00e4n\u00e4 Insin\u00f6\u00f6riopiskelijaliitto IOL ry:n (jatkossa &hellip; <\/p>\n","protected":false},"author":1,"featured_media":0,"parent":0,"menu_order":0,"comment_status":"closed","ping_status":"closed","template":"","meta":{"footnotes":""},"class_list":["post-21","page","type-page","status-publish","hentry"],"_links":{"self":[{"href":"https:\/\/www.piory.fi\/index.php\/wp-json\/wp\/v2\/pages\/21","targetHints":{"allow":["GET"]}}],"collection":[{"href":"https:\/\/www.piory.fi\/index.php\/wp-json\/wp\/v2\/pages"}],"about":[{"href":"https:\/\/www.piory.fi\/index.php\/wp-json\/wp\/v2\/types\/page"}],"author":[{"embeddable":true,"href":"https:\/\/www.piory.fi\/index.php\/wp-json\/wp\/v2\/users\/1"}],"replies":[{"embeddable":true,"href":"https:\/\/www.piory.fi\/index.php\/wp-json\/wp\/v2\/comments?post=21"}],"version-history":[{"count":3,"href":"https:\/\/www.piory.fi\/index.php\/wp-json\/wp\/v2\/pages\/21\/revisions"}],"predecessor-version":[{"id":542,"href":"https:\/\/www.piory.fi\/index.php\/wp-json\/wp\/v2\/pages\/21\/revisions\/542"}],"wp:attachment":[{"href":"https:\/\/www.piory.fi\/index.php\/wp-json\/wp\/v2\/media?parent=21"}],"curies":[{"name":"wp","href":"https:\/\/api.w.org\/{rel}","templated":true}]}}