{"id":237,"date":"2021-03-08T13:04:09","date_gmt":"2021-03-08T11:04:09","guid":{"rendered":"http:\/\/www.piory.fi\/?page_id=237"},"modified":"2022-04-14T23:58:34","modified_gmt":"2022-04-14T21:58:34","slug":"haalarien-kayttoohjeet","status":"publish","type":"page","link":"https:\/\/www.piory.fi\/index.php\/haalarien-kayttoohjeet\/","title":{"rendered":"Haalarien k\u00e4ytt\u00f6ohjeet"},"content":{"rendered":"\n<p><strong>1. FUKSIT <\/strong>jotka aloittavat opintonsa syksyll\u00e4, saavat k\u00e4ytt\u00e4\u00e4 haalareita ensimm\u00e4isen kerran SAMMAKON j\u00e4rjest\u00e4miss\u00e4 Kurnajaisissa, joissa tapahtuu Opiskelijakunnan j\u00e4rjest\u00e4m\u00e4 kaste. Tammikuussa aloittavat saavat k\u00e4ytt\u00e4\u00e4 haalareita heti oston j\u00e4lkeen.<\/p>\n\n\n\n<p><strong>2. KAVERIN<\/strong> haalareita ei saa lainata eik\u00e4 omiaan luovuttaa toisen k\u00e4ytt\u00f6\u00f6n. K\u00e4ytettyj\u00e4 haalareita ei saa myyd\u00e4.<\/p>\n\n\n\n<p><strong>3. LAHKEESTA<\/strong> voi vaihtaa kaistaleen seurustelukumppanin kanssa. Mik\u00e4li haluaa s\u00e4\u00e4stell\u00e4 lahkeitaan, kannattaa t\u00e4m\u00e4 tehd\u00e4 vasta suhteen vakavoituessa. Jos ero koittaa, voi oman lahkeen silti peri\u00e4 takaisin, joskin se on harvinaista.<\/p>\n\n\n\n<p><strong>4. KAHDEN<\/strong> p\u00e4\u00e4aineen opiskelijat ja alan vaihtajat voivat yhdist\u00e4\u00e4 osia haalareistaan. Ahkerimmat saattavat puolittaa haalarit ja ommella ne yhteen.<\/p>\n\n\n\n<p><strong>5. HAALARIMERKIT<\/strong> ommellaan k\u00e4sin, ei liimaamalla tai muilla konsteilla. T\u00e4m\u00e4 on kuitenkin makuasia, ei niink\u00e4\u00e4n s\u00e4\u00e4nt\u00f6.<\/p>\n\n\n\n<p>6. <strong>\u00c4L\u00c4<\/strong> miss\u00e4\u00e4n tapauksessa peit\u00e4 suurta ainej\u00e4rjest\u00f6n selk\u00e4logoa haalarimerkeill\u00e4. Haalarit tulee kietoa vy\u00f6t\u00e4r\u00f6lle niin, ett\u00e4 sel\u00e4n logo n\u00e4kyy.<\/p>\n\n\n\n<p>7. <strong>TAPAHTUMAMERKKIEN<\/strong> tulee olla tapahtumista joihin olet osallistunut.&nbsp;<\/p>\n\n\n\n<p>8. <strong>MERKKIEN <\/strong>lis\u00e4ksi haalareihin voi ker\u00e4t\u00e4 muita esineit\u00e4 ja muistoja. Esimerkiksi avainnauhoja.<\/p>\n\n\n\n<p>9. <strong>JOS <\/strong>haalarit on pakko pest\u00e4, omistajan on ensin puettava ne p\u00e4\u00e4lleen. Puhdistaminen tapahtuu joku kastautumalla luonno vesist\u00f6\u00f6n tai k\u00e4ym\u00e4ll\u00e4 suihkussa. Pesu ei kuitenkaan ole suositeltavaa.<\/p>\n\n\n\n<p>9. <strong>HAALARIT<\/strong> tulee kietoa hihoilla vy\u00f6t\u00e4r\u00f6lle. Vy\u00f6n k\u00e4ytt\u00f6 on suositeltavaa, jotta haalarit pysyv\u00e4t p\u00e4\u00e4ll\u00e4. Haalarit saa nostaa yl\u00f6s ainoastaan ainej\u00e4rjest\u00f6n puheenjohtajan luvalla, kuitenkin vasta kunnes lahkeet ovat t\u00e4ynn\u00e4 merkkej\u00e4.10. <strong>HAALAREISSA<\/strong> edustetaan korkeakoulun ja ainej\u00e4rjest\u00f6n lis\u00e4ksi opiskelijoita yleisesti. Niiss\u00e4 tulee k\u00e4ytt\u00e4yty\u00e4 sen mukaisesti, eli aiheuttamatta turhaa pahennusta.<\/p>\n\n\n\n<ul class=\"wp-block-social-links is-style-logos-only is-layout-flex wp-block-social-links-is-layout-flex\"><li class=\"wp-social-link wp-social-link-facebook  wp-block-social-link\"><a rel=\"noopener nofollow\" target=\"_blank\" href=\"https:\/\/www.facebook.com\/PIOry\/\" class=\"wp-block-social-link-anchor\"><svg width=\"24\" height=\"24\" viewBox=\"0 0 24 24\" version=\"1.1\" xmlns=\"http:\/\/www.w3.org\/2000\/svg\" aria-hidden=\"true\" focusable=\"false\"><path d=\"M12 2C6.5 2 2 6.5 2 12c0 5 3.7 9.1 8.4 9.9v-7H7.9V12h2.5V9.8c0-2.5 1.5-3.9 3.8-3.9 1.1 0 2.2.2 2.2.2v2.5h-1.3c-1.2 0-1.6.8-1.6 1.6V12h2.8l-.4 2.9h-2.3v7C18.3 21.1 22 17 22 12c0-5.5-4.5-10-10-10z\"><\/path><\/svg><span class=\"wp-block-social-link-label screen-reader-text\">Facebook<\/span><\/a><\/li>\n\n<li class=\"wp-social-link wp-social-link-instagram  wp-block-social-link\"><a rel=\"noopener nofollow\" target=\"_blank\" href=\"https:\/\/www.instagram.com\/pio_ry\/?hl=fi\" class=\"wp-block-social-link-anchor\"><svg width=\"24\" height=\"24\" viewBox=\"0 0 24 24\" version=\"1.1\" xmlns=\"http:\/\/www.w3.org\/2000\/svg\" aria-hidden=\"true\" focusable=\"false\"><path d=\"M12,4.622c2.403,0,2.688,0.009,3.637,0.052c0.877,0.04,1.354,0.187,1.671,0.31c0.42,0.163,0.72,0.358,1.035,0.673 c0.315,0.315,0.51,0.615,0.673,1.035c0.123,0.317,0.27,0.794,0.31,1.671c0.043,0.949,0.052,1.234,0.052,3.637 s-0.009,2.688-0.052,3.637c-0.04,0.877-0.187,1.354-0.31,1.671c-0.163,0.42-0.358,0.72-0.673,1.035 c-0.315,0.315-0.615,0.51-1.035,0.673c-0.317,0.123-0.794,0.27-1.671,0.31c-0.949,0.043-1.233,0.052-3.637,0.052 s-2.688-0.009-3.637-0.052c-0.877-0.04-1.354-0.187-1.671-0.31c-0.42-0.163-0.72-0.358-1.035-0.673 c-0.315-0.315-0.51-0.615-0.673-1.035c-0.123-0.317-0.27-0.794-0.31-1.671C4.631,14.688,4.622,14.403,4.622,12 s0.009-2.688,0.052-3.637c0.04-0.877,0.187-1.354,0.31-1.671c0.163-0.42,0.358-0.72,0.673-1.035 c0.315-0.315,0.615-0.51,1.035-0.673c0.317-0.123,0.794-0.27,1.671-0.31C9.312,4.631,9.597,4.622,12,4.622 M12,3 C9.556,3,9.249,3.01,8.289,3.054C7.331,3.098,6.677,3.25,6.105,3.472C5.513,3.702,5.011,4.01,4.511,4.511 c-0.5,0.5-0.808,1.002-1.038,1.594C3.25,6.677,3.098,7.331,3.054,8.289C3.01,9.249,3,9.556,3,12c0,2.444,0.01,2.751,0.054,3.711 c0.044,0.958,0.196,1.612,0.418,2.185c0.23,0.592,0.538,1.094,1.038,1.594c0.5,0.5,1.002,0.808,1.594,1.038 c0.572,0.222,1.227,0.375,2.185,0.418C9.249,20.99,9.556,21,12,21s2.751-0.01,3.711-0.054c0.958-0.044,1.612-0.196,2.185-0.418 c0.592-0.23,1.094-0.538,1.594-1.038c0.5-0.5,0.808-1.002,1.038-1.594c0.222-0.572,0.375-1.227,0.418-2.185 C20.99,14.751,21,14.444,21,12s-0.01-2.751-0.054-3.711c-0.044-0.958-0.196-1.612-0.418-2.185c-0.23-0.592-0.538-1.094-1.038-1.594 c-0.5-0.5-1.002-0.808-1.594-1.038c-0.572-0.222-1.227-0.375-2.185-0.418C14.751,3.01,14.444,3,12,3L12,3z M12,7.378 c-2.552,0-4.622,2.069-4.622,4.622S9.448,16.622,12,16.622s4.622-2.069,4.622-4.622S14.552,7.378,12,7.378z M12,15 c-1.657,0-3-1.343-3-3s1.343-3,3-3s3,1.343,3,3S13.657,15,12,15z M16.804,6.116c-0.596,0-1.08,0.484-1.08,1.08 s0.484,1.08,1.08,1.08c0.596,0,1.08-0.484,1.08-1.08S17.401,6.116,16.804,6.116z\"><\/path><\/svg><span class=\"wp-block-social-link-label screen-reader-text\">Instagram<\/span><\/a><\/li><\/ul>\n","protected":false},"excerpt":{"rendered":"<p>1. FUKSIT jotka aloittavat opintonsa syksyll\u00e4, saavat k\u00e4ytt\u00e4\u00e4 haalareita ensimm\u00e4isen kerran SAMMAKON j\u00e4rjest\u00e4miss\u00e4 Kurnajaisissa, joissa tapahtuu Opiskelijakunnan j\u00e4rjest\u00e4m\u00e4 kaste. Tammikuussa aloittavat saavat k\u00e4ytt\u00e4\u00e4 haalareita heti oston j\u00e4lkeen. 2. KAVERIN haalareita ei saa lainata eik\u00e4 omiaan luovuttaa toisen k\u00e4ytt\u00f6\u00f6n. K\u00e4ytettyj\u00e4 haalareita ei saa myyd\u00e4. 3. LAHKEESTA voi vaihtaa kaistaleen seurustelukumppanin kanssa. Mik\u00e4li haluaa s\u00e4\u00e4stell\u00e4 lahkeitaan, kannattaa &hellip; <\/p>\n","protected":false},"author":1,"featured_media":0,"parent":0,"menu_order":0,"comment_status":"closed","ping_status":"closed","template":"","meta":{"footnotes":""},"class_list":["post-237","page","type-page","status-publish","hentry"],"_links":{"self":[{"href":"https:\/\/www.piory.fi\/index.php\/wp-json\/wp\/v2\/pages\/237","targetHints":{"allow":["GET"]}}],"collection":[{"href":"https:\/\/www.piory.fi\/index.php\/wp-json\/wp\/v2\/pages"}],"about":[{"href":"https:\/\/www.piory.fi\/index.php\/wp-json\/wp\/v2\/types\/page"}],"author":[{"embeddable":true,"href":"https:\/\/www.piory.fi\/index.php\/wp-json\/wp\/v2\/users\/1"}],"replies":[{"embeddable":true,"href":"https:\/\/www.piory.fi\/index.php\/wp-json\/wp\/v2\/comments?post=237"}],"version-history":[{"count":2,"href":"https:\/\/www.piory.fi\/index.php\/wp-json\/wp\/v2\/pages\/237\/revisions"}],"predecessor-version":[{"id":541,"href":"https:\/\/www.piory.fi\/index.php\/wp-json\/wp\/v2\/pages\/237\/revisions\/541"}],"wp:attachment":[{"href":"https:\/\/www.piory.fi\/index.php\/wp-json\/wp\/v2\/media?parent=237"}],"curies":[{"name":"wp","href":"https:\/\/api.w.org\/{rel}","templated":true}]}}