{"id":239,"date":"2021-03-08T13:36:41","date_gmt":"2021-03-08T11:36:41","guid":{"rendered":"http:\/\/www.piory.fi\/?page_id=239"},"modified":"2022-04-14T23:58:03","modified_gmt":"2022-04-14T21:58:03","slug":"sanasto","status":"publish","type":"page","link":"https:\/\/www.piory.fi\/index.php\/sanasto\/","title":{"rendered":"Sanasto"},"content":{"rendered":"\n<div class=\"wp-block-columns is-layout-flex wp-container-core-columns-is-layout-9d6595d7 wp-block-columns-is-layout-flex\">\n<div class=\"wp-block-column is-layout-flow wp-block-column-is-layout-flow\">\n<p class=\"has-text-align-center has-background\" style=\"background-color:#f1f1f1\"><strong>PIO ry<\/strong> <\/p>\n\n\n\n<p class=\"has-text-align-center\">Porin Insin\u00f6\u00f6riopiskelijat ry, IOL:n ja IL:n alainen.<\/p>\n<\/div>\n\n\n\n<div class=\"wp-block-column is-layout-flow wp-block-column-is-layout-flow\">\n<p class=\"has-text-align-center has-background\" style=\"background-color:#f1f1f1\"><strong>IOL<\/strong><\/p>\n\n\n\n<p class=\"has-text-align-center\">Insin\u00f6\u00f6riopiskelijaliitto<\/p>\n<\/div>\n\n\n\n<div class=\"wp-block-column is-layout-flow wp-block-column-is-layout-flow\">\n<p class=\"has-text-align-center has-background\" style=\"background-color:#f1f1f1\"><strong>IL ry <\/strong><\/p>\n\n\n\n<p class=\"has-text-align-center\"> Insin\u00f6\u00f6riliitto (ammattiliitto)<\/p>\n<\/div>\n<\/div>\n\n\n\n<hr class=\"wp-block-separator\"\/>\n\n\n\n<div class=\"wp-block-columns is-layout-flex wp-container-core-columns-is-layout-9d6595d7 wp-block-columns-is-layout-flex\">\n<div class=\"wp-block-column is-layout-flow wp-block-column-is-layout-flow\">\n<p class=\"has-text-align-center has-background\" style=\"background-color:#f1f1f1\"><strong>IOP<\/strong> <\/p>\n\n\n\n<p class=\"has-text-align-center\">Insin\u00f6\u00f6riopiskelijap\u00e4iv\u00e4t. Rastikierros tapahtuma. Suurin vuosittainen insin\u00f6\u00f6ri tapahtuma.<\/p>\n<\/div>\n\n\n\n<div class=\"wp-block-column is-layout-flow wp-block-column-is-layout-flow\">\n<p class=\"has-text-align-center has-background\" style=\"background-color:#f1f1f1\"><strong>SATI<\/strong> <\/p>\n\n\n\n<p class=\"has-text-align-center\">Satakunnan Insin\u00f6\u00f6rit, IL:n alainen.<\/p>\n<\/div>\n\n\n\n<div class=\"wp-block-column is-layout-flow wp-block-column-is-layout-flow\">\n<p class=\"has-text-align-center has-background\" style=\"background-color:#f1f1f1\"><strong>L\u00e4SIO<\/strong> <\/p>\n\n\n\n<p class=\"has-text-align-center\">L\u00e4nsi-suomen Insin\u00f6\u00f6riopiskelijat, j\u00e4rjest\u00e4\u00e4 mm ASTin:n. PIO ry kuuluu L\u00e4SIO:on<\/p>\n<\/div>\n<\/div>\n\n\n\n<hr class=\"wp-block-separator\"\/>\n\n\n\n<div class=\"wp-block-columns is-layout-flex wp-container-core-columns-is-layout-9d6595d7 wp-block-columns-is-layout-flex\">\n<div class=\"wp-block-column is-layout-flow wp-block-column-is-layout-flow\">\n<p class=\"has-text-align-center has-background\" style=\"background-color:#f1f1f1\"><strong>RaunIO ry<\/strong> <\/p>\n\n\n\n<p class=\"has-text-align-center\">Rauman Insin\u00f6\u00f6riopiskelijat ry, SAMK.<\/p>\n<\/div>\n\n\n\n<div class=\"wp-block-column is-layout-flow wp-block-column-is-layout-flow\">\n<p class=\"has-text-align-center has-background\" style=\"background-color:#f1f1f1\"><strong>TIO ry<\/strong> <\/p>\n\n\n\n<p class=\"has-text-align-center\">Turun Insin\u00f6\u00f6riopiskelijat ry<\/p>\n<\/div>\n\n\n\n<div class=\"wp-block-column is-layout-flow wp-block-column-is-layout-flow\">\n<p class=\"has-text-align-center has-background\" style=\"background-color:#f1f1f1\"><strong>TIRO ry<\/strong> <\/p>\n\n\n\n<p class=\"has-text-align-center\">Tampereen Insin\u00f6\u00f6riopiskelijat ry<\/p>\n<\/div>\n<\/div>\n\n\n\n<hr class=\"wp-block-separator\"\/>\n\n\n\n<div class=\"wp-block-columns is-layout-flex wp-container-core-columns-is-layout-9d6595d7 wp-block-columns-is-layout-flex\">\n<div class=\"wp-block-column is-layout-flow wp-block-column-is-layout-flow\">\n<p class=\"has-text-align-center has-background\" style=\"background-color:#f1f1f1\"><strong>Opku<\/strong><\/p>\n\n\n\n<p class=\"has-text-align-center\">Oppilaskunta (=Sammakko). Liittym\u00e4ll\u00e4 opiskelijakuntaan saat opiskelijakortin, jolla saat kansainv\u00e4lisesti opiskelija-alennuksia.<\/p>\n\n\n\n<div class=\"wp-block-buttons is-content-justification-center is-layout-flex wp-container-core-buttons-is-layout-16018d1d wp-block-buttons-is-layout-flex\">\n<div class=\"wp-block-button is-style-fill\"><a class=\"wp-block-button__link\" href=\"https:\/\/sammakko.fi\/\" target=\"_blank\" rel=\"noreferrer noopener\">Opiskelijakunta SAMMAKKO<\/a><\/div>\n<\/div>\n<\/div>\n\n\n\n<div class=\"wp-block-column is-layout-flow wp-block-column-is-layout-flow\">\n<p class=\"has-text-align-center has-background\" style=\"background-color:#f1f1f1\"><strong>Slice.app<\/strong> <\/p>\n\n\n\n<p class=\"has-text-align-center\">Sovellus joka tarvitaan mobiili opiskelijakorttia varten. Paljon kertaetuja joita ei saa muovisella opiskelijakortilla.<\/p>\n\n\n\n<div class=\"wp-block-buttons is-content-justification-center is-layout-flex wp-container-core-buttons-is-layout-16018d1d wp-block-buttons-is-layout-flex\">\n<div class=\"wp-block-button is-style-fill\"><a class=\"wp-block-button__link\" href=\"https:\/\/www.slice.fi\/asiakkaat\/slicefi\/map\/\" target=\"_blank\" rel=\"noreferrer noopener\">Slice.app<\/a><\/div>\n<\/div>\n<\/div>\n\n\n\n<div class=\"wp-block-column is-layout-flow wp-block-column-is-layout-flow\">\n<p class=\"has-text-align-center has-background\" style=\"background-color:#f1f1f1\"><strong><strong>Kide.app<\/strong> <\/strong><\/p>\n\n\n\n<p class=\"has-text-align-center\">Lipunmyynti sovellus jonka kautta voit ostaa lippuja opiskelijatapahtumiin sek\u00e4 esimerkiksi ainej\u00e4rjest\u00f6n haalarimerkkej\u00e4&nbsp;<\/p>\n\n\n\n<div class=\"wp-block-buttons is-content-justification-center is-layout-flex wp-container-core-buttons-is-layout-16018d1d wp-block-buttons-is-layout-flex\">\n<div class=\"wp-block-button is-style-fill\"><a class=\"wp-block-button__link\" href=\"https:\/\/kide.app\/community\/11cf4e09-5b33-407b-8220-a4980fb48f41\" target=\"_blank\" rel=\"noreferrer noopener\">Kide.app<\/a><\/div>\n<\/div>\n<\/div>\n<\/div>\n\n\n\n<hr class=\"wp-block-separator\"\/>\n\n\n\n<div class=\"wp-block-columns is-layout-flex wp-container-core-columns-is-layout-9d6595d7 wp-block-columns-is-layout-flex\">\n<div class=\"wp-block-column is-layout-flow wp-block-column-is-layout-flow\">\n<p class=\"has-text-align-center has-background\" style=\"background-color:#f1f1f1\"><strong>Edari<\/strong> <\/p>\n\n\n\n<p class=\"has-text-align-center\">Oppilaskunnan edustajisto, p\u00e4\u00e4tt\u00e4\u00e4 mm oppilaskunnan (=Sammakko) hallituksen.<\/p>\n\n\n\n<p class=\"has-text-align-center\">Lue lis\u00e4\u00e4<a href=\"https:\/\/sammakko.fi\/edustajisto\/\" data-type=\"URL\" data-id=\"https:\/\/sammakko.fi\/edustajisto\/\" target=\"_blank\" rel=\"noreferrer noopener\"> t\u00e4st\u00e4.<\/a><\/p>\n<\/div>\n\n\n\n<div class=\"wp-block-column is-layout-flow wp-block-column-is-layout-flow\">\n<p class=\"has-text-align-center has-background\" style=\"background-color:#f1f1f1\"><strong>Yh <\/strong><\/p>\n\n\n\n<p class=\"has-text-align-center\">YH- eli yhteyshenkil\u00f6. <a href=\"https:\/\/www.piory.fi\/index.php\/yhteyshenkilo\/\" data-type=\"URL\" data-id=\"https:\/\/www.piory.fi\/index.php\/yhteyshenkilo\/\">Lue lis\u00e4\u00e4 t\u00e4\u00e4lt\u00e4.<\/a><\/p>\n<\/div>\n\n\n\n<div class=\"wp-block-column is-layout-flow wp-block-column-is-layout-flow\">\n<p class=\"has-text-align-center has-background\" style=\"background-color:#f1f1f1\"><strong>PoResto Ry<\/strong><\/p>\n\n\n\n<p class=\"has-text-align-center\">Porin Restonomiopiskelijat ry<\/p>\n<\/div>\n<\/div>\n\n\n\n<hr class=\"wp-block-separator\"\/>\n\n\n\n<div class=\"wp-block-columns is-layout-flex wp-container-core-columns-is-layout-9d6595d7 wp-block-columns-is-layout-flex\">\n<div class=\"wp-block-column is-layout-flow wp-block-column-is-layout-flow\">\n<p class=\"has-text-align-center has-background\" style=\"background-color:#f1f1f1\"><strong>PORA ry <\/strong><\/p>\n\n\n\n<p class=\"has-text-align-center\">Porin Tradenomiopiskelijat ry<\/p>\n<\/div>\n\n\n\n<div class=\"wp-block-column is-layout-flow wp-block-column-is-layout-flow\">\n<p class=\"has-text-align-center has-background\" style=\"background-color:#f1f1f1\"><strong>PYSTI ry <\/strong><\/p>\n\n\n\n<p class=\"has-text-align-center\">Porin yhdistyneet sosiaali- ja terveysalan opiskelijat ry<\/p>\n<\/div>\n\n\n\n<div class=\"wp-block-column is-layout-flow wp-block-column-is-layout-flow\">\n<p class=\"has-text-align-center has-background\" style=\"background-color:#f1f1f1\"><strong>P4-toimisto<\/strong> <\/p>\n\n\n\n<p class=\"has-text-align-center\">PIO:n, PORA:n, PYSTI:n ja PoReston:n yhteinen toimistotila kampuksella.<\/p>\n\n\n\n<p class=\"has-text-align-center\">Toimisto sijaitsee SAMKin kampuksen tilassa A308.<\/p>\n<\/div>\n<\/div>\n\n\n\n<hr class=\"wp-block-separator\"\/>\n\n\n\n<div class=\"wp-block-columns is-layout-flex wp-container-core-columns-is-layout-9d6595d7 wp-block-columns-is-layout-flex\">\n<div class=\"wp-block-column is-layout-flow wp-block-column-is-layout-flow\">\n<p class=\"has-text-align-center has-background\" style=\"background-color:#f1f1f1\"><strong>Triangeli<\/strong><\/p>\n\n\n\n<p class=\"has-text-align-center\">Opiskelijaristeily marraskuussa. Sammakko yksi j\u00e4rjest\u00e4jist\u00e4.<\/p>\n\n\n\n<div class=\"wp-block-buttons is-content-justification-center is-layout-flex wp-container-core-buttons-is-layout-16018d1d wp-block-buttons-is-layout-flex\">\n<div class=\"wp-block-button is-style-fill\"><a class=\"wp-block-button__link\" href=\"https:\/\/www.instagram.com\/triangeliristeily\/\" target=\"_blank\" rel=\"noreferrer noopener\">Instagramissa @triangeliristeily<\/a><\/div>\n<\/div>\n<\/div>\n\n\n\n<div class=\"wp-block-column is-layout-flow wp-block-column-is-layout-flow\">\n<p class=\"has-text-align-center has-background\" style=\"background-color:#f1f1f1\"><strong>GOOM <\/strong>ja<strong> SuperGOOM<\/strong> <\/p>\n\n\n\n<p class=\"has-text-align-center\">Suomen suurin opiskelijaristeily helmikuussa. Mahdollisuus 2vrk risteilyyn.<\/p>\n\n\n\n<div class=\"wp-block-buttons is-content-justification-center is-layout-flex wp-container-core-buttons-is-layout-16018d1d wp-block-buttons-is-layout-flex\">\n<div class=\"wp-block-button is-style-fill\"><a class=\"wp-block-button__link\" href=\"https:\/\/www.instagram.com\/goomofficial\/\" target=\"_blank\" rel=\"noreferrer noopener\">Instagramissa @goomofficial<\/a><\/div>\n<\/div>\n<\/div>\n\n\n\n<div class=\"wp-block-column is-layout-flow wp-block-column-is-layout-flow\">\n<p class=\"has-text-align-center has-background\" style=\"background-color:#f1f1f1\"><strong>IGOR<\/strong><\/p>\n\n\n\n<p class=\"has-text-align-center\">Opiskelijoiden bile\u00e4\u00e4nitorvi. Tsekkaa biisit: <\/p>\n\n\n\n<div class=\"wp-block-buttons is-content-justification-center is-layout-flex wp-container-core-buttons-is-layout-16018d1d wp-block-buttons-is-layout-flex\">\n<div class=\"wp-block-button is-style-fill\"><a class=\"wp-block-button__link\" href=\"https:\/\/www.youtube.com\/watch?v=1jpy8ew4EGo\" style=\"border-radius:100px\" target=\"_blank\" rel=\"noreferrer noopener\">Insin\u00f6\u00f6rilaulu<\/a><\/div>\n<\/div>\n\n\n\n<div class=\"wp-block-buttons is-content-justification-center is-layout-flex wp-container-core-buttons-is-layout-16018d1d wp-block-buttons-is-layout-flex\">\n<div class=\"wp-block-button is-style-fill\"><a class=\"wp-block-button__link\" href=\"https:\/\/www.youtube.com\/watch?v=SEWfr62ZmGo\" target=\"_blank\" rel=\"noreferrer noopener\">Opiskelijael\u00e4m\u00e4\u00e4<\/a><\/div>\n<\/div>\n<\/div>\n<\/div>\n\n\n\n<hr class=\"wp-block-separator\"\/>\n\n\n\n<div class=\"wp-block-columns is-layout-flex wp-container-core-columns-is-layout-9d6595d7 wp-block-columns-is-layout-flex\">\n<div class=\"wp-block-column is-layout-flow wp-block-column-is-layout-flow\">\n<p class=\"has-text-align-center has-background\" style=\"background-color:#f1f1f1\"><strong>Approt<\/strong> <\/p>\n\n\n\n<p class=\"has-text-align-center\">Opiskelijatapahtuma, jossa juodaan tietty m\u00e4\u00e4r\u00e4 juomia eri baareissa. Esim 1. vuonna 6 ja 2. 9<\/p>\n<\/div>\n\n\n\n<div class=\"wp-block-column is-layout-flow wp-block-column-is-layout-flow\">\n<p class=\"has-text-align-center has-background\" style=\"background-color:#f1f1f1\"><strong>H\u00e4meenkadun Appro <\/strong><\/p>\n\n\n\n<p class=\"has-text-align-center\">Tampereella lokakuussa. Yli 10&nbsp;000 osallistujaa ja yli 80 suorituspaikkaa.<\/p>\n\n\n\n<div class=\"wp-block-buttons is-content-justification-center is-layout-flex wp-container-core-buttons-is-layout-16018d1d wp-block-buttons-is-layout-flex\">\n<div class=\"wp-block-button is-style-fill\"><a class=\"wp-block-button__link\" href=\"https:\/\/www.instagram.com\/explore\/tags\/h%C3%A4meenkadunappro\/\" target=\"_blank\" rel=\"noreferrer noopener\">Instagramissa #H\u00e4meenkadunappro<\/a><\/div>\n<\/div>\n<\/div>\n\n\n\n<div class=\"wp-block-column is-layout-flow wp-block-column-is-layout-flow\">\n<p class=\"has-text-align-center has-background\" style=\"background-color:#f1f1f1\"><strong>Sitsit<\/strong> <\/p>\n\n\n\n<p class=\"has-text-align-center\">Akateeminen p\u00f6yt\u00e4juhla. Pukeudutaan teeman mukaisesti. Lauletaan ja sy\u00f6d\u00e4\u00e4n.<\/p>\n<\/div>\n<\/div>\n\n\n\n<hr class=\"wp-block-separator\"\/>\n\n\n\n<div class=\"wp-block-columns is-layout-flex wp-container-core-columns-is-layout-9d6595d7 wp-block-columns-is-layout-flex\">\n<div class=\"wp-block-column is-layout-flow wp-block-column-is-layout-flow\">\n<p class=\"has-text-align-center has-background\" style=\"background-color:#f1f1f1\"><strong>Fuksi<\/strong><\/p>\n\n\n\n<p class=\"has-text-align-center\">Ensimm\u00e4isen vuoden opiskelija.<\/p>\n<\/div>\n\n\n\n<div class=\"wp-block-column is-layout-flow wp-block-column-is-layout-flow\">\n<p class=\"has-text-align-center has-background\" style=\"background-color:#f1f1f1\"><strong>ASTin<\/strong><\/p>\n\n\n\n<p class=\"has-text-align-center\">L\u00e4nsi-Suomen Insin\u00f6\u00f6riristely syyskuussa. PIO ry yksi j\u00e4rjest\u00e4jist\u00e4.<\/p>\n\n\n\n<div class=\"wp-block-buttons is-content-justification-center is-layout-flex wp-container-core-buttons-is-layout-16018d1d wp-block-buttons-is-layout-flex\">\n<div class=\"wp-block-button is-style-fill\"><a class=\"wp-block-button__link\" href=\"https:\/\/www.instagram.com\/explore\/tags\/astin2021\/\" target=\"_blank\" rel=\"noreferrer noopener\">ASTin 2021 <\/a><\/div>\n<\/div>\n<\/div>\n\n\n\n<div class=\"wp-block-column is-layout-flow wp-block-column-is-layout-flow\">\n<p class=\"has-text-align-center has-background\" style=\"background-color:#f1f1f1\"><strong>Kurnajaiset<\/strong> <\/p>\n\n\n\n<p class=\"has-text-align-center\">Sammakko:n j\u00e4rjest\u00e4m\u00e4 Satakunnan vuoden suurin opiskelijatapahtuma, jossa saadaan kaste ja kontataan. Saa laittaa ensimm\u00e4isen kerran haalarit.<\/p>\n\n\n\n<div class=\"wp-block-buttons is-content-justification-center is-layout-flex wp-container-core-buttons-is-layout-16018d1d wp-block-buttons-is-layout-flex\">\n<div class=\"wp-block-button is-style-fill\"><a class=\"wp-block-button__link\" href=\"https:\/\/www.instagram.com\/explore\/tags\/kurnajaiset\/\" target=\"_blank\" rel=\"noreferrer noopener\">Instagramissa  #Kurnajaiset<\/a><\/div>\n<\/div>\n<\/div>\n<\/div>\n\n\n\n<hr class=\"wp-block-separator\"\/>\n\n\n\n<div class=\"wp-block-columns is-layout-flex wp-container-core-columns-is-layout-9d6595d7 wp-block-columns-is-layout-flex\">\n<div class=\"wp-block-column is-layout-flow wp-block-column-is-layout-flow\">\n<p class=\"has-text-align-center has-background\" style=\"background-color:#f1f1f1\"><strong>Tursajaiset<\/strong> <\/p>\n\n\n\n<p class=\"has-text-align-center\">Insin\u00f6\u00f6rien tapahtuma syyskuussa. Tapahtumassa toimitetaan insin\u00f6\u00f6rien oma tursaskaste sek\u00e4 tursasvala.<\/p>\n\n\n\n<div class=\"wp-block-buttons is-content-justification-center is-layout-flex wp-container-core-buttons-is-layout-16018d1d wp-block-buttons-is-layout-flex\">\n<div class=\"wp-block-button has-custom-font-size is-style-fill\" style=\"font-size:19px\"><a class=\"wp-block-button__link\" href=\"https:\/\/www.instagram.com\/p\/CU0GnNTsKKm\/?utm_source=ig_web_copy_link\" target=\"_blank\" rel=\"noreferrer noopener\">Tursajaiset 2021<\/a><\/div>\n<\/div>\n<\/div>\n\n\n\n<div class=\"wp-block-column is-layout-flow wp-block-column-is-layout-flow\">\n<p class=\"has-text-align-center has-background\" style=\"background-color:#f1f1f1\"><strong>Imppulakki<\/strong> <\/p>\n\n\n\n<p class=\"has-text-align-center\">Insin\u00f6\u00f6rilakki. Violetti 8-kulmainen samettilakki jossa iso musta tupsu. Saa k\u00e4ytt\u00e4\u00e4 p\u00e4\u00e4ss\u00e4 ensimm\u00e4isen akateemisen vapun j\u00e4lkeen. Sit\u00e4 ennen olalla.<\/p>\n\n\n\n<div class=\"wp-block-buttons is-content-justification-center is-layout-flex wp-container-core-buttons-is-layout-16018d1d wp-block-buttons-is-layout-flex\">\n<div class=\"wp-block-button has-custom-width wp-block-button__width-100 has-custom-font-size is-style-fill\" style=\"font-size:19px\"><a class=\"wp-block-button__link\" href=\"https:\/\/www.ilry.fi\/jasenyys\/jasenedut\/insinoorilakki-ja-sormus\/insinoorilakin-tilaus\/\" target=\"_blank\" rel=\"noreferrer noopener\">Tilaa Imppulakki t\u00e4st\u00e4 !<\/a><\/div>\n<\/div>\n<\/div>\n\n\n\n<div class=\"wp-block-column is-layout-flow wp-block-column-is-layout-flow\">\n<p class=\"has-text-align-center has-background\" style=\"background-color:#f1f1f1\"><strong>GP tai Grillipori <\/strong><\/p>\n\n\n\n<p class=\"has-text-align-center\">Porin parhaat hampparit, niin krapulaan kuin humalaan. <\/p>\n<\/div>\n<\/div>\n\n\n\n<hr class=\"wp-block-separator\"\/>\n\n\n\n<div class=\"wp-block-columns is-layout-flex wp-container-core-columns-is-layout-9d6595d7 wp-block-columns-is-layout-flex\">\n<div class=\"wp-block-column is-layout-flow wp-block-column-is-layout-flow\">\n<p class=\"has-text-align-center has-background\" style=\"background-color:#f1f1f1\"><strong>Saikku<\/strong><\/p>\n\n\n\n<p class=\"has-text-align-center\">Opiskelijatalo Saikku. Sijaitsee keskustassa osoitteessa Antinkatu 7. Aloittelupaikka jossa viihdyt\u00e4\u00e4n ja saunotaan. Tutustu <a href=\"https:\/\/www.opiskelijatalo.fi\/\" data-type=\"URL\" data-id=\"https:\/\/www.opiskelijatalo.fi\/\" target=\"_blank\" rel=\"noreferrer noopener\">t\u00e4st\u00e4. <\/a><\/p>\n<\/div>\n\n\n\n<div class=\"wp-block-column is-layout-flow wp-block-column-is-layout-flow\">\n<p class=\"has-text-align-center has-background\" style=\"background-color:#f1f1f1\"><strong>Laulumatti <\/strong><\/p>\n\n\n\n<p class=\"has-text-align-center\">Insin\u00f6\u00f6rien oma laulukirja<\/p>\n<\/div>\n\n\n\n<div class=\"wp-block-column is-layout-flow wp-block-column-is-layout-flow\">\n<p class=\"has-text-align-center has-background\" style=\"background-color:#f1f1f1\"><strong>Ykssille<\/strong> <\/p>\n\n\n\n<p class=\"has-text-align-center\">Aina kun kuulet, niin juo huikka.<\/p>\n<\/div>\n<\/div>\n\n\n\n<hr class=\"wp-block-separator\"\/>\n\n\n\n<div class=\"wp-block-columns is-layout-flex wp-container-core-columns-is-layout-9d6595d7 wp-block-columns-is-layout-flex\">\n<div class=\"wp-block-column is-layout-flow wp-block-column-is-layout-flow\">\n<p class=\"has-text-align-center has-background\" style=\"background-color:#f1f1f1\"><strong>Kolme sormea vaakatasossa<\/strong> <\/p>\n\n\n\n<p class=\"has-text-align-center\">SAMMAKKO:n r\u00e4pyl\u00e4<\/p>\n<\/div>\n\n\n\n<div class=\"wp-block-column is-layout-flow wp-block-column-is-layout-flow\">\n<p class=\"has-text-align-center has-background\" style=\"background-color:#f1f1f1\"><strong>TimeEdit <\/strong>sek\u00e4 <strong>TUUDO<\/strong> <\/p>\n\n\n\n<p class=\"has-text-align-center\">Lukuj\u00e4rjestykset. P\u00e4\u00e4set sinne <a href=\"https:\/\/cloud.timeedit.net\/samk\/web\/?en=t\" data-type=\"URL\" data-id=\"https:\/\/cloud.timeedit.net\/samk\/web\/?en=t\" target=\"_blank\" rel=\"noreferrer noopener\">t\u00e4st\u00e4.<\/a><\/p>\n<\/div>\n\n\n\n<div class=\"wp-block-column is-layout-flow wp-block-column-is-layout-flow\">\n<p class=\"has-text-align-center has-background\" style=\"background-color:#f1f1f1\"><strong>Loki <\/strong><\/p>\n\n\n\n<p class=\"has-text-align-center has-medium-font-size\">Arvosanat, opintopisteet ja ilmoittautuminen kursseille. P\u00e4\u00e4set sinne <a href=\"https:\/\/loki.samk.fi\/\" data-type=\"URL\" data-id=\"https:\/\/loki.samk.fi\/\" target=\"_blank\" rel=\"noreferrer noopener\">t\u00e4st\u00e4.<\/a><\/p>\n<\/div>\n<\/div>\n\n\n\n<p><br><br> &nbsp;  <br>&nbsp; &nbsp; &nbsp; &nbsp; &nbsp; &nbsp; &nbsp; &nbsp; &nbsp; &nbsp; &nbsp; &nbsp; &nbsp; &nbsp; &nbsp; &nbsp;                                 <br><br><br><br><br><br> &nbsp; &nbsp;<br><br><br><br><br><br><br><br><br><br><br><\/p>\n\n\n\n<div class=\"wp-block-columns is-layout-flex wp-container-core-columns-is-layout-9d6595d7 wp-block-columns-is-layout-flex\"><\/div>\n\n\n\n<ul class=\"wp-block-social-links is-style-logos-only is-layout-flex wp-block-social-links-is-layout-flex\"><li class=\"wp-social-link wp-social-link-facebook  wp-block-social-link\"><a rel=\"noopener nofollow\" target=\"_blank\" href=\"https:\/\/www.facebook.com\/PIOry\/\" class=\"wp-block-social-link-anchor\"><svg width=\"24\" height=\"24\" viewBox=\"0 0 24 24\" version=\"1.1\" xmlns=\"http:\/\/www.w3.org\/2000\/svg\" aria-hidden=\"true\" focusable=\"false\"><path d=\"M12 2C6.5 2 2 6.5 2 12c0 5 3.7 9.1 8.4 9.9v-7H7.9V12h2.5V9.8c0-2.5 1.5-3.9 3.8-3.9 1.1 0 2.2.2 2.2.2v2.5h-1.3c-1.2 0-1.6.8-1.6 1.6V12h2.8l-.4 2.9h-2.3v7C18.3 21.1 22 17 22 12c0-5.5-4.5-10-10-10z\"><\/path><\/svg><span class=\"wp-block-social-link-label screen-reader-text\">Facebook<\/span><\/a><\/li>\n\n<li class=\"wp-social-link wp-social-link-instagram  wp-block-social-link\"><a rel=\"noopener nofollow\" target=\"_blank\" href=\"https:\/\/www.instagram.com\/pio_ry\/?hl=fi\" class=\"wp-block-social-link-anchor\"><svg width=\"24\" height=\"24\" viewBox=\"0 0 24 24\" version=\"1.1\" xmlns=\"http:\/\/www.w3.org\/2000\/svg\" aria-hidden=\"true\" focusable=\"false\"><path d=\"M12,4.622c2.403,0,2.688,0.009,3.637,0.052c0.877,0.04,1.354,0.187,1.671,0.31c0.42,0.163,0.72,0.358,1.035,0.673 c0.315,0.315,0.51,0.615,0.673,1.035c0.123,0.317,0.27,0.794,0.31,1.671c0.043,0.949,0.052,1.234,0.052,3.637 s-0.009,2.688-0.052,3.637c-0.04,0.877-0.187,1.354-0.31,1.671c-0.163,0.42-0.358,0.72-0.673,1.035 c-0.315,0.315-0.615,0.51-1.035,0.673c-0.317,0.123-0.794,0.27-1.671,0.31c-0.949,0.043-1.233,0.052-3.637,0.052 s-2.688-0.009-3.637-0.052c-0.877-0.04-1.354-0.187-1.671-0.31c-0.42-0.163-0.72-0.358-1.035-0.673 c-0.315-0.315-0.51-0.615-0.673-1.035c-0.123-0.317-0.27-0.794-0.31-1.671C4.631,14.688,4.622,14.403,4.622,12 s0.009-2.688,0.052-3.637c0.04-0.877,0.187-1.354,0.31-1.671c0.163-0.42,0.358-0.72,0.673-1.035 c0.315-0.315,0.615-0.51,1.035-0.673c0.317-0.123,0.794-0.27,1.671-0.31C9.312,4.631,9.597,4.622,12,4.622 M12,3 C9.556,3,9.249,3.01,8.289,3.054C7.331,3.098,6.677,3.25,6.105,3.472C5.513,3.702,5.011,4.01,4.511,4.511 c-0.5,0.5-0.808,1.002-1.038,1.594C3.25,6.677,3.098,7.331,3.054,8.289C3.01,9.249,3,9.556,3,12c0,2.444,0.01,2.751,0.054,3.711 c0.044,0.958,0.196,1.612,0.418,2.185c0.23,0.592,0.538,1.094,1.038,1.594c0.5,0.5,1.002,0.808,1.594,1.038 c0.572,0.222,1.227,0.375,2.185,0.418C9.249,20.99,9.556,21,12,21s2.751-0.01,3.711-0.054c0.958-0.044,1.612-0.196,2.185-0.418 c0.592-0.23,1.094-0.538,1.594-1.038c0.5-0.5,0.808-1.002,1.038-1.594c0.222-0.572,0.375-1.227,0.418-2.185 C20.99,14.751,21,14.444,21,12s-0.01-2.751-0.054-3.711c-0.044-0.958-0.196-1.612-0.418-2.185c-0.23-0.592-0.538-1.094-1.038-1.594 c-0.5-0.5-1.002-0.808-1.594-1.038c-0.572-0.222-1.227-0.375-2.185-0.418C14.751,3.01,14.444,3,12,3L12,3z M12,7.378 c-2.552,0-4.622,2.069-4.622,4.622S9.448,16.622,12,16.622s4.622-2.069,4.622-4.622S14.552,7.378,12,7.378z M12,15 c-1.657,0-3-1.343-3-3s1.343-3,3-3s3,1.343,3,3S13.657,15,12,15z M16.804,6.116c-0.596,0-1.08,0.484-1.08,1.08 s0.484,1.08,1.08,1.08c0.596,0,1.08-0.484,1.08-1.08S17.401,6.116,16.804,6.116z\"><\/path><\/svg><span class=\"wp-block-social-link-label screen-reader-text\">Instagram<\/span><\/a><\/li><\/ul>\n","protected":false},"excerpt":{"rendered":"<p>PIO ry Porin Insin\u00f6\u00f6riopiskelijat ry, IOL:n ja IL:n alainen. IOL Insin\u00f6\u00f6riopiskelijaliitto IL ry Insin\u00f6\u00f6riliitto (ammattiliitto) IOP Insin\u00f6\u00f6riopiskelijap\u00e4iv\u00e4t. Rastikierros tapahtuma. Suurin vuosittainen insin\u00f6\u00f6ri tapahtuma. SATI Satakunnan Insin\u00f6\u00f6rit, IL:n alainen. L\u00e4SIO L\u00e4nsi-suomen Insin\u00f6\u00f6riopiskelijat, j\u00e4rjest\u00e4\u00e4 mm ASTin:n. PIO ry kuuluu L\u00e4SIO:on RaunIO ry Rauman Insin\u00f6\u00f6riopiskelijat ry, SAMK. TIO ry Turun Insin\u00f6\u00f6riopiskelijat ry TIRO ry Tampereen Insin\u00f6\u00f6riopiskelijat ry Opku &hellip; <\/p>\n","protected":false},"author":1,"featured_media":0,"parent":0,"menu_order":0,"comment_status":"closed","ping_status":"closed","template":"","meta":{"footnotes":""},"class_list":["post-239","page","type-page","status-publish","hentry"],"_links":{"self":[{"href":"https:\/\/www.piory.fi\/index.php\/wp-json\/wp\/v2\/pages\/239","targetHints":{"allow":["GET"]}}],"collection":[{"href":"https:\/\/www.piory.fi\/index.php\/wp-json\/wp\/v2\/pages"}],"about":[{"href":"https:\/\/www.piory.fi\/index.php\/wp-json\/wp\/v2\/types\/page"}],"author":[{"embeddable":true,"href":"https:\/\/www.piory.fi\/index.php\/wp-json\/wp\/v2\/users\/1"}],"replies":[{"embeddable":true,"href":"https:\/\/www.piory.fi\/index.php\/wp-json\/wp\/v2\/comments?post=239"}],"version-history":[{"count":8,"href":"https:\/\/www.piory.fi\/index.php\/wp-json\/wp\/v2\/pages\/239\/revisions"}],"predecessor-version":[{"id":540,"href":"https:\/\/www.piory.fi\/index.php\/wp-json\/wp\/v2\/pages\/239\/revisions\/540"}],"wp:attachment":[{"href":"https:\/\/www.piory.fi\/index.php\/wp-json\/wp\/v2\/media?parent=239"}],"curies":[{"name":"wp","href":"https:\/\/api.w.org\/{rel}","templated":true}]}}